{"id":366,"date":"2016-10-25T11:17:00","date_gmt":"2016-10-25T09:17:00","guid":{"rendered":"http:\/\/passagelemonnier.com\/wp\/?page_id=366"},"modified":"2016-11-29T21:36:18","modified_gmt":"2016-11-29T20:36:18","slug":"selection-swarovski","status":"publish","type":"page","link":"https:\/\/www.passagelemonnier.com\/index.php\/selection-swarovski\/","title":{"rendered":"S\u00e9lection Swarovski"},"content":{"rendered":"<table style=\"height: 25px; background-color: #ffffff;\" width=\"869\">\n<tbody>\n<tr>\n<td style=\"width: 426px; background-color: #ffffff;\">\u00a0<img loading=\"lazy\" decoding=\"async\" class=\"alignnone wp-image-367\" src=\"http:\/\/passagelemonnier.com\/wp\/wp-content\/uploads\/2016\/10\/face9-1024x683.jpg\" alt=\"face9\" width=\"400\" height=\"267\" srcset=\"https:\/\/www.passagelemonnier.com\/wp-content\/uploads\/2016\/10\/face9.jpg 1024w, https:\/\/www.passagelemonnier.com\/wp-content\/uploads\/2016\/10\/face9-300x200.jpg 300w, https:\/\/www.passagelemonnier.com\/wp-content\/uploads\/2016\/10\/face9-768x512.jpg 768w, https:\/\/www.passagelemonnier.com\/wp-content\/uploads\/2016\/10\/face9-148x99.jpg 148w, https:\/\/www.passagelemonnier.com\/wp-content\/uploads\/2016\/10\/face9-31x21.jpg 31w, https:\/\/www.passagelemonnier.com\/wp-content\/uploads\/2016\/10\/face9-38x25.jpg 38w, https:\/\/www.passagelemonnier.com\/wp-content\/uploads\/2016\/10\/face9-322x215.jpg 322w\" sizes=\"auto, (max-width: 400px) 100vw, 400px\" \/><\/td>\n<td style=\"width: 426px; background-color: #ffffff;\">\n<table style=\"height: 87px; width: 409px;\">\n<tbody>\n<tr>\n<td style=\"width: 63px; background-color: #ffffff; text-align: center; vertical-align: top;\"><img loading=\"lazy\" decoding=\"async\" class=\"aligncenter wp-image-119 size-full\" src=\"http:\/\/passagelemonnier.com\/wp\/wp-content\/uploads\/2016\/10\/ouv.png\" alt=\"ouv\" width=\"17\" height=\"17\" \/><\/td>\n<td style=\"width: 393px; background-color: #ffffff; vertical-align: middle;\">Ouvert du lundi au vendredi de 9h30 \u00e0 18h et le\u00a0samedi de 9h30 \u00e0 18h30<\/td>\n<\/tr>\n<tr>\n<td style=\"width: 63px; background-color: #ffffff; text-align: center; vertical-align: top;\"><img loading=\"lazy\" decoding=\"async\" class=\"aligncenter wp-image-121 size-full\" src=\"http:\/\/passagelemonnier.com\/wp\/wp-content\/uploads\/2016\/10\/pin.png\" alt=\"pin\" width=\"20\" height=\"19\" \/><\/td>\n<td style=\"width: 393px; background-color: #ffffff; vertical-align: middle;\">1 Vin\u00e2ve d-\u00eele\u00a0&#8211; 4000 Li\u00e8ge<\/td>\n<\/tr>\n<tr>\n<td style=\"width: 63px; background-color: #ffffff; text-align: center; vertical-align: top;\"><img loading=\"lazy\" decoding=\"async\" class=\"wp-image-118 aligncenter\" src=\"http:\/\/passagelemonnier.com\/wp\/wp-content\/uploads\/2016\/10\/net.png\" alt=\"net\" width=\"20\" height=\"20\" \/><\/td>\n<td style=\"width: 393px; background-color: #ffffff; vertical-align: middle;\">04\/223.07.72<br \/>\n<a href=\"http:\/\/www.swarovski.com\" target=\"_blank\">www.swarovski.com<\/a><\/td>\n<\/tr>\n<tr>\n<td style=\"width: 63px; background-color: #ffffff; vertical-align: top; text-align: left;\" colspan=\"2\"><a href=\"https:\/\/www.facebook.com\/Maison-S\u00e9lection-SA-439740779553679\" target=\"_blank\"><img loading=\"lazy\" decoding=\"async\" class=\"size-full wp-image-331 alignleft\" src=\"http:\/\/passagelemonnier.com\/wp\/wp-content\/uploads\/2016\/10\/bouton-facebook2.png\" alt=\"bouton-facebook2\" width=\"150\" height=\"35\" srcset=\"https:\/\/www.passagelemonnier.com\/wp-content\/uploads\/2016\/10\/bouton-facebook2.png 150w, https:\/\/www.passagelemonnier.com\/wp-content\/uploads\/2016\/10\/bouton-facebook2-148x35.png 148w, https:\/\/www.passagelemonnier.com\/wp-content\/uploads\/2016\/10\/bouton-facebook2-31x7.png 31w, https:\/\/www.passagelemonnier.com\/wp-content\/uploads\/2016\/10\/bouton-facebook2-38x9.png 38w\" sizes=\"auto, (max-width: 150px) 100vw, 150px\" \/><\/a><\/td>\n<\/tr>\n<\/tbody>\n<\/table>\n<\/td>\n<\/tr>\n<tr>\n<td style=\"width: 426px; background-color: #ffffff;\" colspan=\"2\">\n<div class=\"_li\">\n<div id=\"globalContainer\" class=\"uiContextualLayerParent\">\n<div id=\"content\" class=\"fb_content clearfix \">\n<div id=\"mainContainer\">\n<div class=\"_2gqw _5lbh\">\n<div class=\"clearfix _ikh\">\n<div class=\"_4bl7\">\n<div class=\"clearfix _ikh\">\n<div class=\"_4bl7 _2q5c\">\n<div class=\"_4-u2 _4784 _4-u8\">\n<div id=\"u_0_s\">\n<div data-reactroot=\"\">\n<div class=\"_3xgc\">S\u00e9lection Swarovski vous propose d&rsquo;entrer dans le monde fascinant du cristal Swarovski. Bijoux de stars, figurines raffin\u00e9es et objets de collection, le cristal Swarovski ne d\u00e9\u00e7ois jamais.<\/div>\n<\/div>\n<\/div>\n<\/div>\n<\/div>\n<\/div>\n<\/div>\n<\/div>\n<\/div>\n<\/div>\n<\/div>\n<\/div>\n<\/div>\n<\/td>\n<\/tr>\n<tr>\n<td style=\"width: 426px; background-color: #ffffff; text-align: center;\" colspan=\"2\">    <style>      #bwg_container1_0 #bwg_container2_0 .bwg_standart_thumbnails_0 * {        -moz-box-sizing: border-box;        box-sizing: border-box;      }      #bwg_container1_0 #bwg_container2_0 .bwg_standart_thumb_spun1_0 {        -moz-box-sizing: content-box;        box-sizing: content-box;        background-color: #FFFFFF;        display: inline-block;        height: 190px;        margin: 4px;        padding: 0px;        opacity: 1.00;        filter: Alpha(opacity=100);        text-align: center;        vertical-align: middle;        transition: all 0.3s ease 0s;-webkit-transition: all 0.3s ease 0s;        width: 250px;        z-index: 100;      }      #bwg_container1_0 #bwg_container2_0 .bwg_standart_thumb_spun1_0:hover {        -ms-transform: scale(1.1);        -webkit-transform: scale(1.1);        backface-visibility: hidden;        -webkit-backface-visibility: hidden;        -moz-backface-visibility: hidden;        -ms-backface-visibility: hidden;        opacity: 1;        filter: Alpha(opacity=100);        transform: scale(1.1);        z-index: 102;        position: relative;      }      #bwg_container1_0 #bwg_container2_0 .bwg_standart_thumb_spun2_0 {        border: 0px none #CCCCCC;        border-radius: 0;        box-shadow: 0px 0px 0px #888888;        display: inline-block;        height: 190px;        overflow: hidden;        width: 250px;      }      #bwg_container1_0 #bwg_container2_0 .bwg_standart_thumbnails_0 {        background-color: rgba(255, 255, 255, 0.00);        display: inline-block;        font-size: 0;        max-width: 1310px;        text-align: center;      }      #bwg_container1_0 #bwg_container2_0 .bwg_standart_thumb_0 {        display: inline-block;        text-align: center;      }            #bwg_container1_0 #bwg_container2_0 .bwg_standart_thumb_spun1_0:hover .bwg_title_spun1_0 {        left: 0px;        top: 0px;        opacity: 1;        filter: Alpha(opacity=100);      }      #bwg_container1_0 #bwg_container2_0 .bwg_title_spun2_0 {        color: #CCCCCC;        display: table-cell;        font-family: segoe ui;        font-size: 16px;        font-weight: bold;        height: inherit;        padding: 2px;        text-shadow: 0px 0px 0px #888888;        vertical-align: middle;        width: inherit;        word-wrap: break-word;      }      \/*pagination styles*\/      #bwg_container1_0 #bwg_container2_0 .tablenav-pages_0 {        text-align: center;        font-size: 12px;        font-family: segoe ui;        font-weight: bold;        color: #666666;        margin: 6px 0 4px;        display: block;        height: 30px;        line-height: 30px;      }      @media only screen and (max-width : 320px) {        #bwg_container1_0 #bwg_container2_0 .displaying-num_0 {          display: none;        }      }      #bwg_container1_0 #bwg_container2_0 .displaying-num_0 {        font-size: 12px;        font-family: segoe ui;        font-weight: bold;        color: #666666;        margin-right: 10px;        vertical-align: middle;      }      #bwg_container1_0 #bwg_container2_0 .paging-input_0 {        font-size: 12px;        font-family: segoe ui;        font-weight: bold;        color: #666666;        vertical-align: middle;      }      #bwg_container1_0 #bwg_container2_0 .tablenav-pages_0 a.disabled,      #bwg_container1_0 #bwg_container2_0 .tablenav-pages_0 a.disabled:hover,      #bwg_container1_0 #bwg_container2_0 .tablenav-pages_0 a.disabled:focus {        cursor: default;        color: rgba(102, 102, 102, 0.5);      }      #bwg_container1_0 #bwg_container2_0 .tablenav-pages_0 a {        cursor: pointer;        font-size: 12px;        font-family: segoe ui;        font-weight: bold;        color: #666666;        text-decoration: none;        padding: 3px 6px;        margin: 0;        border-radius: 0;        border-style: solid;        border-width: 1px;        border-color: #E3E3E3;        background-color: #FFFFFF;        opacity: 1.00;        filter: Alpha(opacity=100);        box-shadow: 0;        transition: all 0.3s ease 0s;-webkit-transition: all 0.3s ease 0s;      }      #bwg_container1_0 #bwg_container2_0 .bwg_back_0 {        background-color: rgba(0, 0, 0, 0);        color: #000000 !important;        cursor: pointer;        display: block;        font-family: segoe ui;        font-size: 16px;        font-weight: bold;        text-decoration: none;        padding: 0;      }      #bwg_container1_0 #bwg_container2_0 #spider_popup_overlay_0 {        background-color: #000000;        opacity: 0.70;        filter: Alpha(opacity=70);      }     .bwg_play_icon_spun_0 {        width: inherit;        height: inherit;        display: table;        position: absolute;      }\t      .bwg_play_icon_0 {        color: #CCCCCC;        font-size: 32px;        vertical-align: middle;        display: table-cell !important;        z-index: 1;        text-align: center;        margin: 0 auto;      }    <\/style>    <div id=\"bwg_container1_0\">      <div id=\"bwg_container2_0\">        <form id=\"gal_front_form_0\" method=\"post\" action=\"#\">                    <div class=\"bwg_back_0\"><\/div>          <div style=\"background-color:rgba(0, 0, 0, 0); text-align: center; width:100%; position: relative;\">            <div id=\"ajax_loading_0\" style=\"position:absolute;width: 100%; z-index: 115; text-align: center; height: 100%; vertical-align: middle; display:none;\">              <div style=\"display: table; vertical-align: middle; width: 100%; height: 100%; background-color: #FFFFFF; opacity: 0.7; filter: Alpha(opacity=70);\">                <div style=\"display: table-cell; text-align: center; position: relative; vertical-align: middle;\" >                  <div id=\"loading_div_0\" class=\"bwg_spider_ajax_loading\" style=\"display: inline-block; text-align:center; position:relative; vertical-align:middle; background-image:url(https:\/\/www.passagelemonnier.com\/wp-content\/plugins\/photo-gallery\/images\/ajax_loader.gif); float: none; width:30px;height:30px;background-size:30px 30px;\">                  <\/div>                <\/div>              <\/div>            <\/div>                        <div id=\"bwg_standart_thumbnails_0\" class=\"bwg_standart_thumbnails_0\">                              <a  class=\"bwg_lightbox_0\" href=\"https:\/\/www.passagelemonnier.com\/wp-content\/uploads\/photo-gallery\/DSC00833.JPG\" data-image-id=\"223\">                  <span class=\"bwg_standart_thumb_0\">                                        <span class=\"bwg_standart_thumb_spun1_0\">                      <span class=\"bwg_standart_thumb_spun2_0\">                                                <img decoding=\"async\" class=\"bwg_standart_thumb_img_0 bwg_img_clear bwg_img_custom\" style=\"width:286.14457831325px; height:190px; margin-left: -18.072289156627px; margin-top: 0px;\" id=\"223\" src=\"https:\/\/www.passagelemonnier.com\/wp-content\/uploads\/photo-gallery\/thumb\/DSC00833.JPG\" alt=\"DSC00833\" \/>                      <\/span>                    <\/span>                                      <\/span>                <\/a>                                <a  class=\"bwg_lightbox_0\" href=\"https:\/\/www.passagelemonnier.com\/wp-content\/uploads\/photo-gallery\/DSC00834.JPG\" data-image-id=\"228\">                  <span class=\"bwg_standart_thumb_0\">                                        <span class=\"bwg_standart_thumb_spun1_0\">                      <span class=\"bwg_standart_thumb_spun2_0\">                                                <img decoding=\"async\" class=\"bwg_standart_thumb_img_0 bwg_img_clear bwg_img_custom\" style=\"width:286.14457831325px; height:190px; margin-left: -18.072289156627px; margin-top: 0px;\" id=\"228\" src=\"https:\/\/www.passagelemonnier.com\/wp-content\/uploads\/photo-gallery\/thumb\/DSC00834.JPG\" alt=\"DSC00834\" \/>                      <\/span>                    <\/span>                                      <\/span>                <\/a>                                <a  class=\"bwg_lightbox_0\" href=\"https:\/\/www.passagelemonnier.com\/wp-content\/uploads\/photo-gallery\/DSC00835.JPG\" data-image-id=\"227\">                  <span class=\"bwg_standart_thumb_0\">                                        <span class=\"bwg_standart_thumb_spun1_0\">                      <span class=\"bwg_standart_thumb_spun2_0\">                                                <img decoding=\"async\" class=\"bwg_standart_thumb_img_0 bwg_img_clear bwg_img_custom\" style=\"width:286.14457831325px; height:190px; margin-left: -18.072289156627px; margin-top: 0px;\" id=\"227\" src=\"https:\/\/www.passagelemonnier.com\/wp-content\/uploads\/photo-gallery\/thumb\/DSC00835.JPG\" alt=\"DSC00835\" \/>                      <\/span>                    <\/span>                                      <\/span>                <\/a>                                <a  class=\"bwg_lightbox_0\" href=\"https:\/\/www.passagelemonnier.com\/wp-content\/uploads\/photo-gallery\/DSC00842.JPG\" data-image-id=\"226\">                  <span class=\"bwg_standart_thumb_0\">                                        <span class=\"bwg_standart_thumb_spun1_0\">                      <span class=\"bwg_standart_thumb_spun2_0\">                                                <img decoding=\"async\" class=\"bwg_standart_thumb_img_0 bwg_img_clear bwg_img_custom\" style=\"width:286.14457831325px; height:190px; margin-left: -18.072289156627px; margin-top: 0px;\" id=\"226\" src=\"https:\/\/www.passagelemonnier.com\/wp-content\/uploads\/photo-gallery\/thumb\/DSC00842.JPG\" alt=\"DSC00842\" \/>                      <\/span>                    <\/span>                                      <\/span>                <\/a>                                <a  class=\"bwg_lightbox_0\" href=\"https:\/\/www.passagelemonnier.com\/wp-content\/uploads\/photo-gallery\/DSC00837.JPG\" data-image-id=\"225\">                  <span class=\"bwg_standart_thumb_0\">                                        <span class=\"bwg_standart_thumb_spun1_0\">                      <span class=\"bwg_standart_thumb_spun2_0\">                                                <img decoding=\"async\" class=\"bwg_standart_thumb_img_0 bwg_img_clear bwg_img_custom\" style=\"width:286.14457831325px; height:190px; margin-left: -18.072289156627px; margin-top: 0px;\" id=\"225\" src=\"https:\/\/www.passagelemonnier.com\/wp-content\/uploads\/photo-gallery\/thumb\/DSC00837.JPG\" alt=\"DSC00837\" \/>                      <\/span>                    <\/span>                                      <\/span>                <\/a>                                <a  class=\"bwg_lightbox_0\" href=\"https:\/\/www.passagelemonnier.com\/wp-content\/uploads\/photo-gallery\/DSC00839.JPG\" data-image-id=\"229\">                  <span class=\"bwg_standart_thumb_0\">                                        <span class=\"bwg_standart_thumb_spun1_0\">                      <span class=\"bwg_standart_thumb_spun2_0\">                                                <img decoding=\"async\" class=\"bwg_standart_thumb_img_0 bwg_img_clear bwg_img_custom\" style=\"width:286.14457831325px; height:190px; margin-left: -18.072289156627px; margin-top: 0px;\" id=\"229\" src=\"https:\/\/www.passagelemonnier.com\/wp-content\/uploads\/photo-gallery\/thumb\/DSC00839.JPG\" alt=\"DSC00839\" \/>                      <\/span>                    <\/span>                                      <\/span>                <\/a>                                <a  class=\"bwg_lightbox_0\" href=\"https:\/\/www.passagelemonnier.com\/wp-content\/uploads\/photo-gallery\/DSC00831.JPG\" data-image-id=\"224\">                  <span class=\"bwg_standart_thumb_0\">                                        <span class=\"bwg_standart_thumb_spun1_0\">                      <span class=\"bwg_standart_thumb_spun2_0\">                                                <img decoding=\"async\" class=\"bwg_standart_thumb_img_0 bwg_img_clear bwg_img_custom\" style=\"width:286.14457831325px; height:190px; margin-left: -18.072289156627px; margin-top: 0px;\" id=\"224\" src=\"https:\/\/www.passagelemonnier.com\/wp-content\/uploads\/photo-gallery\/thumb\/DSC00831.JPG\" alt=\"DSC00831\" \/>                      <\/span>                    <\/span>                                      <\/span>                <\/a>                                <a  class=\"bwg_lightbox_0\" href=\"https:\/\/www.passagelemonnier.com\/wp-content\/uploads\/photo-gallery\/DSC00838.JPG\" data-image-id=\"222\">                  <span class=\"bwg_standart_thumb_0\">                                        <span class=\"bwg_standart_thumb_spun1_0\">                      <span class=\"bwg_standart_thumb_spun2_0\">                                                <img decoding=\"async\" class=\"bwg_standart_thumb_img_0 bwg_img_clear bwg_img_custom\" style=\"width:286.14457831325px; height:190px; margin-left: -18.072289156627px; margin-top: 0px;\" id=\"222\" src=\"https:\/\/www.passagelemonnier.com\/wp-content\/uploads\/photo-gallery\/thumb\/DSC00838.JPG\" alt=\"DSC00838\" \/>                      <\/span>                    <\/span>                                      <\/span>                <\/a>                                <a  class=\"bwg_lightbox_0\" href=\"https:\/\/www.passagelemonnier.com\/wp-content\/uploads\/photo-gallery\/DSC00844.JPG\" data-image-id=\"221\">                  <span class=\"bwg_standart_thumb_0\">                                        <span class=\"bwg_standart_thumb_spun1_0\">                      <span class=\"bwg_standart_thumb_spun2_0\">                                                <img decoding=\"async\" class=\"bwg_standart_thumb_img_0 bwg_img_clear bwg_img_custom\" style=\"width:286.14457831325px; height:190px; margin-left: -18.072289156627px; margin-top: 0px;\" id=\"221\" src=\"https:\/\/www.passagelemonnier.com\/wp-content\/uploads\/photo-gallery\/thumb\/DSC00844.JPG\" alt=\"DSC00844\" \/>                      <\/span>                    <\/span>                                      <\/span>                <\/a>                                <a  class=\"bwg_lightbox_0\" href=\"https:\/\/www.passagelemonnier.com\/wp-content\/uploads\/photo-gallery\/DSC00843.JPG\" data-image-id=\"220\">                  <span class=\"bwg_standart_thumb_0\">                                        <span class=\"bwg_standart_thumb_spun1_0\">                      <span class=\"bwg_standart_thumb_spun2_0\">                                                <img decoding=\"async\" class=\"bwg_standart_thumb_img_0 bwg_img_clear bwg_img_custom\" style=\"width:286.14457831325px; height:190px; margin-left: -18.072289156627px; margin-top: 0px;\" id=\"220\" src=\"https:\/\/www.passagelemonnier.com\/wp-content\/uploads\/photo-gallery\/thumb\/DSC00843.JPG\" alt=\"DSC00843\" \/>                      <\/span>                    <\/span>                                      <\/span>                <\/a>                            <\/div>                <span class=\"bwg_nav_cont_0\">        <div class=\"tablenav-pages_0\">          <\/div>          <input type=\"hidden\" id=\"page_number_0\" name=\"page_number_0\" value=\"1\" \/>    <script type=\"text\/javascript\">      function spider_page_0(cur, x, y, load_more) {        if (typeof load_more == \"undefined\") {          var load_more = false;        }        if (jQuery(cur).hasClass('disabled')) {          return false;        }        var items_county_0 = 1;        switch (y) {          case 1:            if (x >= items_county_0) {              document.getElementById('page_number_0').value = items_county_0;            }            else {              document.getElementById('page_number_0').value = x + 1;            }            break;          case 2:            document.getElementById('page_number_0').value = items_county_0;            break;          case -1:            if (x == 1) {              document.getElementById('page_number_0').value = 1;            }            else {              document.getElementById('page_number_0').value = x - 1;            }            break;          case -2:            document.getElementById('page_number_0').value = 1;            break;          default:            document.getElementById('page_number_0').value = 1;        }        spider_frontend_ajax('gal_front_form_0', '0', 'bwg_standart_thumbnails_0', '0', '', 'album', 0, '', '', load_more);      }      jQuery('.first-page-0').on('click', function() {        spider_page_0(this, 1, -2);      });      jQuery('.prev-page-0').on('click', function() {        spider_page_0(this, 1, -1);        return false;      });      jQuery('.next-page-0').on('click', function() {        spider_page_0(this, 1, 1);        return false;      });      jQuery('.last-page-0').on('click', function() {        spider_page_0(this, 1, 2);      });      jQuery('.bwg_load_btn_0').on('click', function() {        spider_page_0(this, 1, 1, true);        return false;      });    <\/script>    <\/span>              <\/div>        <\/form>        <div id=\"bwg_spider_popup_loading_0\" class=\"bwg_spider_popup_loading\"><\/div>        <div id=\"spider_popup_overlay_0\" class=\"spider_popup_overlay\" onclick=\"spider_destroypopup(1000)\"><\/div>      <\/div>    <\/div>    <script>            function bwg_gallery_box_0(image_id) {        var filterTags = jQuery(\"#bwg_tags_id_bwg_standart_thumbnails_0\" ).val() ? jQuery(\"#bwg_tags_id_bwg_standart_thumbnails_0\" ).val() : 0;        var filtersearchname = jQuery(\"#bwg_search_input_0\" ).val() ? jQuery(\"#bwg_search_input_0\" ).val() : '';        spider_createpopup('https:\/\/www.passagelemonnier.com\/wp-admin\/admin-ajax.php?tag=0&action=GalleryBox&current_view=0&gallery_id=31&theme_id=1&thumb_width=250&thumb_height=190&open_with_fullscreen=0&open_with_autoplay=0&image_width=800&image_height=500&image_effect=fade&wd_sor=order&wd_ord= asc &enable_image_filmstrip=1&image_filmstrip_height=70&enable_image_ctrl_btn=1&enable_image_fullscreen=1&popup_enable_info=0&popup_info_always_show=0&popup_info_full_width=0&popup_hit_counter=0&popup_enable_rate=0&slideshow_interval=5&enable_comment_social=1&enable_image_facebook=1&enable_image_twitter=1&enable_image_google=1&enable_image_pinterest=0&enable_image_tumblr=0&watermark_type=text&slideshow_effect_duration=1&watermark_link=http%3A%2F%2Fzanos.be&watermark_opacity=30&watermark_position=bottom-left&watermark_text=\u00a9Zano\\'s&watermark_font_size=0&watermark_font=Arial&watermark_color=FFFFFF&image_id=' + image_id + \"&filter_tag_0=\" +  filterTags + \"&filter_search_name_0=\" +  filtersearchname, '0', '800', '500', 1, 'testpopup', 5, \"bottom\");      }      function bwg_document_ready_0() {        var bwg_touch_flag = false;        jQuery(\".bwg_lightbox_0\").on(\"click\", function () {          if (!bwg_touch_flag) {            bwg_touch_flag = true;            setTimeout(function(){ bwg_touch_flag = false; }, 100);            bwg_gallery_box_0(jQuery(this).attr(\"data-image-id\"));            return false;          }        });               }      jQuery(document).ready(function () {        bwg_document_ready_0();      });    <\/script>    <\/td>\n<\/tr>\n<tr>\n<td style=\"width: 426px; background-color: #ffffff;\" colspan=\"2\"><img loading=\"lazy\" decoding=\"async\" class=\"aligncenter size-full wp-image-724\" src=\"http:\/\/passagelemonnier.com\/wp\/wp-content\/uploads\/2016\/10\/swarovski.jpg\" alt=\"swarovski\" width=\"708\" height=\"322\" srcset=\"https:\/\/www.passagelemonnier.com\/wp-content\/uploads\/2016\/10\/swarovski.jpg 708w, https:\/\/www.passagelemonnier.com\/wp-content\/uploads\/2016\/10\/swarovski-300x136.jpg 300w\" sizes=\"auto, (max-width: 708px) 100vw, 708px\" \/><\/td>\n<\/tr>\n<\/tbody>\n<\/table>\n","protected":false},"excerpt":{"rendered":"<p>\u00a0 Ouvert du lundi au vendredi de 9h30 \u00e0 18h et le\u00a0samedi de 9h30 \u00e0 18h30 1 Vin\u00e2ve d-\u00eele\u00a0&#8211; 4000 Li\u00e8ge 04\/223.07.72 www.swarovski.com S\u00e9lection Swarovski vous propose d&rsquo;entrer dans le monde fascinant du cristal Swarovski. Bijoux de stars, figurines raffin\u00e9es et objets de collection, le cristal Swarovski ne d\u00e9\u00e7ois jamais.<\/p>\n","protected":false},"author":1,"featured_media":0,"parent":0,"menu_order":0,"comment_status":"closed","ping_status":"closed","template":"","meta":{"footnotes":""},"class_list":["post-366","page","type-page","status-publish","hentry"],"_links":{"self":[{"href":"https:\/\/www.passagelemonnier.com\/index.php\/wp-json\/wp\/v2\/pages\/366","targetHints":{"allow":["GET"]}}],"collection":[{"href":"https:\/\/www.passagelemonnier.com\/index.php\/wp-json\/wp\/v2\/pages"}],"about":[{"href":"https:\/\/www.passagelemonnier.com\/index.php\/wp-json\/wp\/v2\/types\/page"}],"author":[{"embeddable":true,"href":"https:\/\/www.passagelemonnier.com\/index.php\/wp-json\/wp\/v2\/users\/1"}],"replies":[{"embeddable":true,"href":"https:\/\/www.passagelemonnier.com\/index.php\/wp-json\/wp\/v2\/comments?post=366"}],"version-history":[{"count":3,"href":"https:\/\/www.passagelemonnier.com\/index.php\/wp-json\/wp\/v2\/pages\/366\/revisions"}],"predecessor-version":[{"id":698,"href":"https:\/\/www.passagelemonnier.com\/index.php\/wp-json\/wp\/v2\/pages\/366\/revisions\/698"}],"wp:attachment":[{"href":"https:\/\/www.passagelemonnier.com\/index.php\/wp-json\/wp\/v2\/media?parent=366"}],"curies":[{"name":"wp","href":"https:\/\/api.w.org\/{rel}","templated":true}]}}