{"id":1668,"date":"2019-04-02T16:21:28","date_gmt":"2019-04-02T14:21:28","guid":{"rendered":"http:\/\/passagelemonnier.com\/?page_id=1668"},"modified":"2025-06-13T16:45:00","modified_gmt":"2025-06-13T14:45:00","slug":"contact","status":"publish","type":"page","link":"https:\/\/www.passagelemonnier.com\/index.php\/contact\/","title":{"rendered":"Contact"},"content":{"rendered":"<p><span style=\"font-size: 14pt;\">Nous sommes \u00e0 votre disposition pour r\u00e9pondre \u00e0 toutes vos questions :<\/span><\/p>\n<p>Soci\u00e9t\u00e9 du Passage Lemonnier<br \/>\nB-4000 LIEGE<br \/>\nBELGIQUE<br \/>\n<img loading=\"lazy\" decoding=\"async\" class=\" wp-image-1646 alignnone\" src=\"http:\/\/passagelemonnier.com\/wp-content\/uploads\/2016\/10\/email.png\" alt=\"email\" width=\"20\" height=\"20\" \/>\u00a0: <a href=\"mailto:info@passagelemonnier.be\">info@passagelemonnier.be<br \/>\n<img loading=\"lazy\" decoding=\"async\" class=\" wp-image-1647 alignnone\" src=\"http:\/\/passagelemonnier.com\/wp-content\/uploads\/2016\/10\/old-typical-phone.png\" alt=\"old-typical-phone\" width=\"21\" height=\"21\" \/><\/a>\u00a0: 04 225 25 64<\/p>\n<p>Gestionnaire : BNP REAL ESTATE<\/p>\n","protected":false},"excerpt":{"rendered":"<p>Nous sommes \u00e0 votre disposition pour r\u00e9pondre \u00e0 toutes vos questions : Soci\u00e9t\u00e9 du Passage Lemonnier B-4000 LIEGE BELGIQUE \u00a0: info@passagelemonnier.be \u00a0: 04 225 25 64 Gestionnaire : BNP REAL ESTATE<\/p>\n","protected":false},"author":1,"featured_media":0,"parent":0,"menu_order":0,"comment_status":"closed","ping_status":"closed","template":"","meta":{"footnotes":""},"class_list":["post-1668","page","type-page","status-publish","hentry"],"_links":{"self":[{"href":"https:\/\/www.passagelemonnier.com\/index.php\/wp-json\/wp\/v2\/pages\/1668","targetHints":{"allow":["GET"]}}],"collection":[{"href":"https:\/\/www.passagelemonnier.com\/index.php\/wp-json\/wp\/v2\/pages"}],"about":[{"href":"https:\/\/www.passagelemonnier.com\/index.php\/wp-json\/wp\/v2\/types\/page"}],"author":[{"embeddable":true,"href":"https:\/\/www.passagelemonnier.com\/index.php\/wp-json\/wp\/v2\/users\/1"}],"replies":[{"embeddable":true,"href":"https:\/\/www.passagelemonnier.com\/index.php\/wp-json\/wp\/v2\/comments?post=1668"}],"version-history":[{"count":4,"href":"https:\/\/www.passagelemonnier.com\/index.php\/wp-json\/wp\/v2\/pages\/1668\/revisions"}],"predecessor-version":[{"id":1751,"href":"https:\/\/www.passagelemonnier.com\/index.php\/wp-json\/wp\/v2\/pages\/1668\/revisions\/1751"}],"wp:attachment":[{"href":"https:\/\/www.passagelemonnier.com\/index.php\/wp-json\/wp\/v2\/media?parent=1668"}],"curies":[{"name":"wp","href":"https:\/\/api.w.org\/{rel}","templated":true}]}}