{"id":1551,"date":"2018-06-26T19:34:10","date_gmt":"2018-06-26T17:34:10","guid":{"rendered":"http:\/\/passagelemonnier.com\/?page_id=1551"},"modified":"2018-06-26T23:55:20","modified_gmt":"2018-06-26T21:55:20","slug":"infos-pratiques","status":"publish","type":"page","link":"https:\/\/www.passagelemonnier.com\/index.php\/infos-pratiques\/","title":{"rendered":"Infos pratiques"},"content":{"rendered":"<p><strong>Voici quelques petites informations importantes \u00e0 ne<\/strong><strong> pas oublier\u00a0:<\/strong><\/p>\n<p>Le Passage Lemonnier est ouvert de 7h \u00e0 21h30 du lundi au dimanche, en dehors de cette plage horaire la galerie est ferm\u00e9e avec des volets.<\/p>\n<p>Au niveau de la s\u00e9curit\u00e9 en plus des volets, plusieurs cam\u00e9ras sont dispos\u00e9es sur l\u2019ensemble du complexe et une permanence 24h\/24h par la conciergerie. Nous avons \u00e9galement un partenariat avec la Gestion Centre-ville et leurs Stewards qui passent durant la journ\u00e9e.<\/p>\n<p>Pour vos d\u00e9chets, utilisez des sacs poubelles noires que vous pouvez mettre dans la cour arri\u00e8re ainsi que vos cartons. Le ramassage est effectu\u00e9 tous les mardis soir. Pour vos palettes et encombrants, vous devez les \u00e9vacuer vous-m\u00eame dans les plus brefs d\u00e9lais.<\/p>\n<p>Afin pr\u00e9server l\u2019harmonie \u00ab\u00a0Art D\u00e9co\u00a0\u00bb que l\u2019architecte Henri Snyers a con\u00e7u en 1935, il est interdit de d\u00e9poser quoi que ce soit devant votre boutique, le passage dois rester libre.<\/p>\n<p>Sachez \u00e9galement que le Passage Lemonnier est une galerie Priv\u00e9e, il est donc interdit d\u2019y circuler en v\u00e9lo ou avec tout autre moyen de transport.<\/p>\n<p>Chaque commer\u00e7ant \u00e0 droit \u00e0 une page gratuite sur notre site internet:\u00a0<a href=\"http:\/\/www.passagelemonnier.com\/\">http:\/\/www.passagelemonnier.com<\/a> ainsi qu\u2019un acc\u00e8s \u00e0 notre page Facebook (<a href=\"https:\/\/www.facebook.com\/passagelemonnier1\/\">https:\/\/www.facebook.com\/passagelemonnier1\/<\/a>) afin d\u2019y publier vos communications en rapport avec votre activit\u00e9 au Passage.<\/p>\n<p>N\u2019h\u00e9sitez pas \u00e0 contacter Monsieur Crapanzano Micha\u00ebl pour mettre tout cela en place par mail \u00e0\u00a0<a href=\"http:\/\/webmail.passagelemonnier.com\/imp\/dynamic.php?page=mailbox\">contact@passagelemonnier.com<\/a>\u00a0ou par t\u00e9l\u00e9phone au 0497\/800.815<\/p>\n<p>&nbsp;<\/p>\n<p><strong>Quelques contacts\u00a0:<\/strong><\/p>\n<p>Le Comit\u00e9 du passage Lemonnier (Association des commer\u00e7ants)<br \/>\nMadame Leclerc Jo\u00eblle, Pr\u00e9sidente.<br \/>\nPassage Lemonnier 47<br \/>\n04\/223.62.01<\/p>\n<p>Madame Sanfilippo Pina, secr\u00e9taire.<br \/>\nPassage Lemonnier 43<br \/>\n04\/223.35.00<\/p>\n<p>Madame Capelle Lucette, tr\u00e9sori\u00e8re.<br \/>\nPassage Lemonnier 22t<br \/>\n04\/223.26.91<\/p>\n<p>Monsieur Crapanzano Micha\u00ebl, communication.<br \/>\nPassage Lemonnier 34<br \/>\n0497\/800.815<\/p>\n<p><strong>Conciergerie<\/strong><\/p>\n<p>La conciergerie se trouve rue Lulay sous la rotonde (\u00e0 c\u00f4t\u00e9 de S\u00e9lection).<\/p>\n<p>Corinne, permanence de jour en semaine.<br \/>\n0477\/701.631<\/p>\n<p>Ingrid, Permanence du weekend et du soir.<br \/>\n0496\/744.313<\/p>\n<p><strong>Soci\u00e9t\u00e9 Civile du Passage Lemonnier<\/strong><\/p>\n<p>Monsieur Malherbe Laurent (MSG SPRL)<br \/>\nDirecteur g\u00e9rant.<br \/>\nRue St-Remy 7<br \/>\nB-4000<br \/>\nLi\u00e8ge<br \/>\n<a href=\"http:\/\/webmail.passagelemonnier.com\/imp\/dynamic.php?page=mailbox\">info@msgsprl.be<\/a><br \/>\n04\/225.25.64<\/p>\n","protected":false},"excerpt":{"rendered":"<p>Voici quelques petites informations importantes \u00e0 ne pas oublier\u00a0: Le Passage Lemonnier est ouvert de 7h \u00e0 21h30 du lundi au dimanche, en dehors de cette plage horaire la galerie est ferm\u00e9e avec des volets. Au niveau de la s\u00e9curit\u00e9 en plus des volets, plusieurs cam\u00e9ras sont dispos\u00e9es sur l\u2019ensemble du complexe et une permanence [&hellip;]<\/p>\n","protected":false},"author":1,"featured_media":0,"parent":0,"menu_order":0,"comment_status":"closed","ping_status":"closed","template":"","meta":{"footnotes":""},"class_list":["post-1551","page","type-page","status-publish","hentry"],"_links":{"self":[{"href":"https:\/\/www.passagelemonnier.com\/index.php\/wp-json\/wp\/v2\/pages\/1551","targetHints":{"allow":["GET"]}}],"collection":[{"href":"https:\/\/www.passagelemonnier.com\/index.php\/wp-json\/wp\/v2\/pages"}],"about":[{"href":"https:\/\/www.passagelemonnier.com\/index.php\/wp-json\/wp\/v2\/types\/page"}],"author":[{"embeddable":true,"href":"https:\/\/www.passagelemonnier.com\/index.php\/wp-json\/wp\/v2\/users\/1"}],"replies":[{"embeddable":true,"href":"https:\/\/www.passagelemonnier.com\/index.php\/wp-json\/wp\/v2\/comments?post=1551"}],"version-history":[{"count":3,"href":"https:\/\/www.passagelemonnier.com\/index.php\/wp-json\/wp\/v2\/pages\/1551\/revisions"}],"predecessor-version":[{"id":1717,"href":"https:\/\/www.passagelemonnier.com\/index.php\/wp-json\/wp\/v2\/pages\/1551\/revisions\/1717"}],"wp:attachment":[{"href":"https:\/\/www.passagelemonnier.com\/index.php\/wp-json\/wp\/v2\/media?parent=1551"}],"curies":[{"name":"wp","href":"https:\/\/api.w.org\/{rel}","templated":true}]}}