{"id":1284,"date":"2017-10-29T16:57:04","date_gmt":"2017-10-29T15:57:04","guid":{"rendered":"http:\/\/passagelemonnier.com\/?page_id=1284"},"modified":"2022-01-13T14:45:03","modified_gmt":"2022-01-13T13:45:03","slug":"accueil","status":"publish","type":"page","link":"https:\/\/www.passagelemonnier.com\/","title":{"rendered":"Bienvenue!"},"content":{"rendered":"<p>&nbsp;<\/p>\n<table style=\"width: 100%;\">\n<tbody>\n<tr>\n<td style=\"width: 50%; border-color: #ffffff; background-color: #ffffff; vertical-align: top;\">Nous sommes heureux de vous accueillir sur le site officiel du mythique Passage Lemonnier.<br \/>\nNous vous invitons \u00e0 d\u00e9couvrir son prestigieux pass\u00e9 \u00e0 travers de nombreux textes et documents in\u00e9dits.<br \/>\nMais ce n\u2019est pas tout, retrouvez facilement un commerce et toutes les informations commerciales de la<br \/>\ngalerie. Vous pouvez \u00e9galement suivre les derni\u00e8res actualit\u00e9s sur Facebook.La fonction de\u00a0Directeur-G\u00e9rant est\u00a0actuellement confi\u00e9e \u00e0\u00a0Monsieur Laurent MALHERBE via sa soci\u00e9t\u00e9.[ <a href=\"http:\/\/passagelemonnier.com\/index.php\/galeries\/\">Visite en photos et 360\u00b0<\/a> ]<\/td>\n<td style=\"width: 50%; border-color: #ffffff; background-color: #ffffff; vertical-align: top;\"><strong>L\u2019histoire du Passage Lemonnier<\/strong><br \/>\nLe passage de Lemonnier est un passage couvert au centre de Li\u00e8ge en Belgique qui abrite des commerces de tous types. Construit entre 1836 et 1838 par les architectes Louis-D\u00e9sir\u00e9 Lemonnier et Henri-Victor Beaulieu, le passage Lemonnier, dont le nom fut tir\u00e9 au sort entre les deux ma\u00eetres d\u2019\u0153uvre, est le plus ancien passage commercial couvert de Belgique ainsi qu\u2019un des plus ancien d\u2019Europe ; il pr\u00e9c\u00e8de de huit ans les Galeries royales Saint-Hubert de l\u2019architecte Jean-Pierre Cluysenaar inaugur\u00e9es \u00e0 Bruxelles en1847. D\u2019ailleurs, il semble qu\u2019il se soit int\u00e9ress\u00e9 de pr\u00e8s \u00e0 la construction du passage li\u00e9geois et qu\u2019il se soit inspir\u00e9 de son trac\u00e9 particulier pour son propre projet. Il est vrai que la capitale de la jeune nation belge envie quelque peu ce luxueux passage dont les vastes proportions font de lui le premier du genre en Belgique.<\/td>\n<\/tr>\n<\/tbody>\n<\/table>\n","protected":false},"excerpt":{"rendered":"<p>&nbsp; Nous sommes heureux de vous accueillir sur le site officiel du mythique Passage Lemonnier. Nous vous invitons \u00e0 d\u00e9couvrir son prestigieux pass\u00e9 \u00e0 travers de nombreux textes et documents in\u00e9dits. Mais ce n\u2019est pas tout, retrouvez facilement un commerce et toutes les informations commerciales de la galerie. Vous pouvez \u00e9galement suivre les derni\u00e8res actualit\u00e9s [&hellip;]<\/p>\n","protected":false},"author":1,"featured_media":0,"parent":0,"menu_order":0,"comment_status":"closed","ping_status":"closed","template":"","meta":{"footnotes":""},"class_list":["post-1284","page","type-page","status-publish","hentry"],"_links":{"self":[{"href":"https:\/\/www.passagelemonnier.com\/index.php\/wp-json\/wp\/v2\/pages\/1284","targetHints":{"allow":["GET"]}}],"collection":[{"href":"https:\/\/www.passagelemonnier.com\/index.php\/wp-json\/wp\/v2\/pages"}],"about":[{"href":"https:\/\/www.passagelemonnier.com\/index.php\/wp-json\/wp\/v2\/types\/page"}],"author":[{"embeddable":true,"href":"https:\/\/www.passagelemonnier.com\/index.php\/wp-json\/wp\/v2\/users\/1"}],"replies":[{"embeddable":true,"href":"https:\/\/www.passagelemonnier.com\/index.php\/wp-json\/wp\/v2\/comments?post=1284"}],"version-history":[{"count":13,"href":"https:\/\/www.passagelemonnier.com\/index.php\/wp-json\/wp\/v2\/pages\/1284\/revisions"}],"predecessor-version":[{"id":1715,"href":"https:\/\/www.passagelemonnier.com\/index.php\/wp-json\/wp\/v2\/pages\/1284\/revisions\/1715"}],"wp:attachment":[{"href":"https:\/\/www.passagelemonnier.com\/index.php\/wp-json\/wp\/v2\/media?parent=1284"}],"curies":[{"name":"wp","href":"https:\/\/api.w.org\/{rel}","templated":true}]}}