{"id":128,"date":"2016-10-22T15:46:37","date_gmt":"2016-10-22T13:46:37","guid":{"rendered":"http:\/\/passagelemonnier.com\/wp\/?page_id=128"},"modified":"2025-07-02T14:16:48","modified_gmt":"2025-07-02T12:16:48","slug":"plan","status":"publish","type":"page","link":"https:\/\/www.passagelemonnier.com\/index.php\/plan\/","title":{"rendered":"Infos locations"},"content":{"rendered":"<p style=\"text-align: center;\">C\u2019est encore possible ! B\u00e9n\u00e9ficiez d\u2019un emplacement qui vous correspond, id\u00e9alement situ\u00e9 dans l\u2019hypercentre de Li\u00e8ge, avec conciergerie, nettoyage r\u00e9gulier de la\u00a0galerie, cam\u00e9ras de surveillance, volets de fermeture de\u00a0nuit pour plus de s\u00e9curit\u00e9 et une association des commer\u00e7ants dynamiques\u00a0proposant de nombreux \u00e9v\u00e9nements et actions, et toujours \u00e0 l\u2019\u00e9coute pour de nouveaux projets.<\/p>\n<p style=\"text-align: center;\">Vous souhaitez visiter ou avoir de plus amples informations ?<\/p>\n<p style=\"text-align: center;\">N\u2019h\u00e9sitez plus ! Contactez-nous au 04 225 25 64 &#8211; <a href=\"mailto:info@passagelemonnier.com\">info@passagelemonnier.com<\/a><\/p>\n<p style=\"text-align: center;\"><img loading=\"lazy\" decoding=\"async\" class=\"aligncenter wp-image-1644\" src=\"http:\/\/passagelemonnier.com\/wp-content\/uploads\/2016\/10\/InfoLocation-1024x429.png\" alt=\"InfoLocation\" width=\"1020\" height=\"427\" srcset=\"https:\/\/www.passagelemonnier.com\/wp-content\/uploads\/2016\/10\/InfoLocation-1024x429.png 1024w, https:\/\/www.passagelemonnier.com\/wp-content\/uploads\/2016\/10\/InfoLocation-300x126.png 300w, https:\/\/www.passagelemonnier.com\/wp-content\/uploads\/2016\/10\/InfoLocation-768x322.png 768w\" sizes=\"auto, (max-width: 1020px) 100vw, 1020px\" \/><\/p>\n\n","protected":false},"excerpt":{"rendered":"<p>C\u2019est encore possible ! B\u00e9n\u00e9ficiez d\u2019un emplacement qui vous correspond, id\u00e9alement situ\u00e9 dans l\u2019hypercentre de Li\u00e8ge, avec conciergerie, nettoyage r\u00e9gulier de la\u00a0galerie, cam\u00e9ras de surveillance, volets de fermeture de\u00a0nuit pour plus de s\u00e9curit\u00e9 et une association des commer\u00e7ants dynamiques\u00a0proposant de nombreux \u00e9v\u00e9nements et actions, et toujours \u00e0 l\u2019\u00e9coute pour de nouveaux projets. Vous souhaitez visiter [&hellip;]<\/p>\n","protected":false},"author":1,"featured_media":0,"parent":0,"menu_order":0,"comment_status":"closed","ping_status":"closed","template":"","meta":{"footnotes":""},"class_list":["post-128","page","type-page","status-publish","hentry"],"_links":{"self":[{"href":"https:\/\/www.passagelemonnier.com\/index.php\/wp-json\/wp\/v2\/pages\/128","targetHints":{"allow":["GET"]}}],"collection":[{"href":"https:\/\/www.passagelemonnier.com\/index.php\/wp-json\/wp\/v2\/pages"}],"about":[{"href":"https:\/\/www.passagelemonnier.com\/index.php\/wp-json\/wp\/v2\/types\/page"}],"author":[{"embeddable":true,"href":"https:\/\/www.passagelemonnier.com\/index.php\/wp-json\/wp\/v2\/users\/1"}],"replies":[{"embeddable":true,"href":"https:\/\/www.passagelemonnier.com\/index.php\/wp-json\/wp\/v2\/comments?post=128"}],"version-history":[{"count":30,"href":"https:\/\/www.passagelemonnier.com\/index.php\/wp-json\/wp\/v2\/pages\/128\/revisions"}],"predecessor-version":[{"id":1756,"href":"https:\/\/www.passagelemonnier.com\/index.php\/wp-json\/wp\/v2\/pages\/128\/revisions\/1756"}],"wp:attachment":[{"href":"https:\/\/www.passagelemonnier.com\/index.php\/wp-json\/wp\/v2\/media?parent=128"}],"curies":[{"name":"wp","href":"https:\/\/api.w.org\/{rel}","templated":true}]}}